{"id":92,"date":"2023-06-21T09:14:28","date_gmt":"2023-06-21T09:14:28","guid":{"rendered":"https:\/\/toskanimed.com\/product\/salycilic-peel\/"},"modified":"2023-10-27T11:42:42","modified_gmt":"2023-10-27T11:42:42","slug":"salycilic-peel","status":"publish","type":"product","link":"https:\/\/toskanimed.com\/pl\/product\/salycilic-peel\/","title":{"rendered":"Salycilic peel"},"content":{"rendered":"<p><span class=\"s2\">La capacidad queratol\u00edtica del \u00e1cido salic\u00edlico hace que sea un buen exfoliante del estrato c\u00f3rneo. Gracias a sus propiedades comedol\u00edticas es muy \u00fatil para tratar pieles con acn\u00e9. <\/span><\/p>\n","protected":false},"excerpt":{"rendered":"<p>La capacidad queratol\u00edtica del \u00e1cido salic\u00edlico hace que sea un buen exfoliante del estrato c\u00f3rneo. Gracias a sus propiedades comedol\u00edticas es muy \u00fatil para tratar pieles con acn\u00e9.<\/p>\n","protected":false},"featured_media":93,"comment_status":"open","ping_status":"open","template":"","meta":[],"product_cat":[16],"product_tag":[],"class_list":["post-92","product","type-product","status-publish","has-post-thumbnail","hentry","product_cat-uncategorized-pl"],"acf":[],"aioseo_notices":[],"_links":{"self":[{"href":"https:\/\/toskanimed.com\/pl\/wp-json\/wp\/v2\/product\/92","targetHints":{"allow":["GET"]}}],"collection":[{"href":"https:\/\/toskanimed.com\/pl\/wp-json\/wp\/v2\/product"}],"about":[{"href":"https:\/\/toskanimed.com\/pl\/wp-json\/wp\/v2\/types\/product"}],"replies":[{"embeddable":true,"href":"https:\/\/toskanimed.com\/pl\/wp-json\/wp\/v2\/comments?post=92"}],"wp:featuredmedia":[{"embeddable":true,"href":"https:\/\/toskanimed.com\/pl\/wp-json\/wp\/v2\/media\/93"}],"wp:attachment":[{"href":"https:\/\/toskanimed.com\/pl\/wp-json\/wp\/v2\/media?parent=92"}],"wp:term":[{"taxonomy":"product_cat","embeddable":true,"href":"https:\/\/toskanimed.com\/pl\/wp-json\/wp\/v2\/product_cat?post=92"},{"taxonomy":"product_tag","embeddable":true,"href":"https:\/\/toskanimed.com\/pl\/wp-json\/wp\/v2\/product_tag?post=92"}],"curies":[{"name":"wp","href":"https:\/\/api.w.org\/{rel}","templated":true}]}}