{"id":9,"date":"2023-10-04T10:08:50","date_gmt":"2023-10-04T10:08:50","guid":{"rendered":"https:\/\/toskanimed.com\/product\/skin-architect-mask\/"},"modified":"2023-10-27T11:42:12","modified_gmt":"2023-10-27T11:42:12","slug":"skin-architect-mask","status":"publish","type":"product","link":"https:\/\/toskanimed.com\/pl\/product\/skin-architect-mask\/","title":{"rendered":"Skin Architect mask"},"content":{"rendered":"<p>Mascarilla de biocelulosa de acci\u00f3n global que se adapta perfectamente a la fisonom\u00eda facial. Impregnada con un s\u00e9rum antiedad, mejora la calidad de la piel gracias a su triple acci\u00f3n<\/p>\n","protected":false},"excerpt":{"rendered":"<p>Mascarilla de biocelulosa de acci\u00f3n global que se adapta perfectamente a la fisonom\u00eda facial. Impregnada con un s\u00e9rum antiedad, mejora la calidad de la piel gracias a su triple acci\u00f3n<\/p>\n","protected":false},"featured_media":0,"comment_status":"open","ping_status":"open","template":"","meta":[],"product_cat":[16],"product_tag":[],"class_list":["post-9","product","type-product","status-publish","hentry","product_cat-uncategorized-pl"],"acf":[],"aioseo_notices":[],"_links":{"self":[{"href":"https:\/\/toskanimed.com\/pl\/wp-json\/wp\/v2\/product\/9","targetHints":{"allow":["GET"]}}],"collection":[{"href":"https:\/\/toskanimed.com\/pl\/wp-json\/wp\/v2\/product"}],"about":[{"href":"https:\/\/toskanimed.com\/pl\/wp-json\/wp\/v2\/types\/product"}],"replies":[{"embeddable":true,"href":"https:\/\/toskanimed.com\/pl\/wp-json\/wp\/v2\/comments?post=9"}],"wp:attachment":[{"href":"https:\/\/toskanimed.com\/pl\/wp-json\/wp\/v2\/media?parent=9"}],"wp:term":[{"taxonomy":"product_cat","embeddable":true,"href":"https:\/\/toskanimed.com\/pl\/wp-json\/wp\/v2\/product_cat?post=9"},{"taxonomy":"product_tag","embeddable":true,"href":"https:\/\/toskanimed.com\/pl\/wp-json\/wp\/v2\/product_tag?post=9"}],"curies":[{"name":"wp","href":"https:\/\/api.w.org\/{rel}","templated":true}]}}