{"id":84,"date":"2023-06-21T09:17:16","date_gmt":"2023-06-21T09:17:16","guid":{"rendered":"https:\/\/toskanimed.com\/product\/tca-15-peel\/"},"modified":"2023-10-27T11:42:38","modified_gmt":"2023-10-27T11:42:38","slug":"tca-15-peel","status":"publish","type":"product","link":"https:\/\/toskanimed.com\/pl\/product\/tca-15-peel\/","title":{"rendered":"TCA 15 peel"},"content":{"rendered":"<p class=\"p1\"><span class=\"s1\">Act\u00faa renovando en profundidad las capas intermedias de la piel. Aten\u00faa los primeros signos del fotoenvejecimiento como manchas cut\u00e1neas, arrugas leves-moderadas y marcas post-acn\u00e9.<\/span><\/p>\n","protected":false},"excerpt":{"rendered":"<p>Act\u00faa renovando en profundidad las capas intermedias de la piel. Aten\u00faa los primeros signos del fotoenvejecimiento como manchas cut\u00e1neas, arrugas leves-moderadas y marcas post-acn\u00e9.<\/p>\n","protected":false},"featured_media":85,"comment_status":"open","ping_status":"open","template":"","meta":[],"product_cat":[16],"product_tag":[],"class_list":["post-84","product","type-product","status-publish","has-post-thumbnail","hentry","product_cat-uncategorized-pl"],"acf":[],"aioseo_notices":[],"_links":{"self":[{"href":"https:\/\/toskanimed.com\/pl\/wp-json\/wp\/v2\/product\/84","targetHints":{"allow":["GET"]}}],"collection":[{"href":"https:\/\/toskanimed.com\/pl\/wp-json\/wp\/v2\/product"}],"about":[{"href":"https:\/\/toskanimed.com\/pl\/wp-json\/wp\/v2\/types\/product"}],"replies":[{"embeddable":true,"href":"https:\/\/toskanimed.com\/pl\/wp-json\/wp\/v2\/comments?post=84"}],"wp:featuredmedia":[{"embeddable":true,"href":"https:\/\/toskanimed.com\/pl\/wp-json\/wp\/v2\/media\/85"}],"wp:attachment":[{"href":"https:\/\/toskanimed.com\/pl\/wp-json\/wp\/v2\/media?parent=84"}],"wp:term":[{"taxonomy":"product_cat","embeddable":true,"href":"https:\/\/toskanimed.com\/pl\/wp-json\/wp\/v2\/product_cat?post=84"},{"taxonomy":"product_tag","embeddable":true,"href":"https:\/\/toskanimed.com\/pl\/wp-json\/wp\/v2\/product_tag?post=84"}],"curies":[{"name":"wp","href":"https:\/\/api.w.org\/{rel}","templated":true}]}}