{"id":54,"date":"2023-06-21T09:21:21","date_gmt":"2023-06-21T09:21:21","guid":{"rendered":"https:\/\/toskanimed.com\/product\/purifying-peel\/"},"modified":"2023-10-27T11:42:31","modified_gmt":"2023-10-27T11:42:31","slug":"purifying-peel","status":"publish","type":"product","link":"https:\/\/toskanimed.com\/pl\/product\/purifying-peel\/","title":{"rendered":"Purifying peel"},"content":{"rendered":"<p class=\"p1\"><span class=\"s1\">Act\u00faa renovando en profundidad las capas intermedias y profundas de la piel. Aten\u00faa los signos marcados del fotoenvejecimiento como manchas cut\u00e1neas, arrugas moderadas-profundas o marcas post-acn\u00e9 severas.<\/span><\/p>\n","protected":false},"excerpt":{"rendered":"<p>Act\u00faa renovando en profundidad las capas intermedias y profundas de la piel. Aten\u00faa los signos marcados del fotoenvejecimiento como manchas cut\u00e1neas, arrugas moderadas-profundas o marcas post-acn\u00e9 severas.<\/p>\n","protected":false},"featured_media":55,"comment_status":"open","ping_status":"open","template":"","meta":[],"product_cat":[16],"product_tag":[],"class_list":["post-54","product","type-product","status-publish","has-post-thumbnail","hentry","product_cat-uncategorized-pl"],"acf":[],"aioseo_notices":[],"_links":{"self":[{"href":"https:\/\/toskanimed.com\/pl\/wp-json\/wp\/v2\/product\/54","targetHints":{"allow":["GET"]}}],"collection":[{"href":"https:\/\/toskanimed.com\/pl\/wp-json\/wp\/v2\/product"}],"about":[{"href":"https:\/\/toskanimed.com\/pl\/wp-json\/wp\/v2\/types\/product"}],"replies":[{"embeddable":true,"href":"https:\/\/toskanimed.com\/pl\/wp-json\/wp\/v2\/comments?post=54"}],"wp:featuredmedia":[{"embeddable":true,"href":"https:\/\/toskanimed.com\/pl\/wp-json\/wp\/v2\/media\/55"}],"wp:attachment":[{"href":"https:\/\/toskanimed.com\/pl\/wp-json\/wp\/v2\/media?parent=54"}],"wp:term":[{"taxonomy":"product_cat","embeddable":true,"href":"https:\/\/toskanimed.com\/pl\/wp-json\/wp\/v2\/product_cat?post=54"},{"taxonomy":"product_tag","embeddable":true,"href":"https:\/\/toskanimed.com\/pl\/wp-json\/wp\/v2\/product_tag?post=54"}],"curies":[{"name":"wp","href":"https:\/\/api.w.org\/{rel}","templated":true}]}}