{"id":370,"date":"2023-05-16T11:29:36","date_gmt":"2023-05-16T11:29:36","guid":{"rendered":"https:\/\/toskanimed.com\/product\/tkn-ha-xs-2\/"},"modified":"2025-10-07T10:57:18","modified_gmt":"2025-10-07T10:57:18","slug":"tkn-ha-xs-2","status":"publish","type":"product","link":"https:\/\/toskanimed.com\/pl\/product\/tkn-ha-xs-2\/","title":{"rendered":"TKN HA XS 2%"},"content":{"rendered":"<p>El \u00e1cido hialur\u00f3nico de bajo peso molecular tiene un tama\u00f1o de mol\u00e9cula peque\u00f1o que le permite penetrar profundamente en la piel llenando los espacios intercelulares y aumentando la retenci\u00f3n de agua. Es un activador de la s\u00edntesis de col\u00e1geno, elastina y otros factores de crecimiento cut\u00e1neos mejorando as\u00ed la tersura y firmeza de la piel.<\/p>\n","protected":false},"excerpt":{"rendered":"<p>El \u00e1cido hialur\u00f3nico de bajo peso molecular tiene un tama\u00f1o de mol\u00e9cula peque\u00f1o que le permite penetrar profundamente en la piel llenando los espacios intercelulares y aumentando la retenci\u00f3n de [&hellip;]<\/p>\n","protected":false},"featured_media":378,"comment_status":"open","ping_status":"closed","template":"","meta":[],"product_cat":[16],"product_tag":[],"class_list":["post-370","product","type-product","status-publish","has-post-thumbnail","hentry","product_cat-uncategorized-pl"],"acf":[],"aioseo_notices":[],"_links":{"self":[{"href":"https:\/\/toskanimed.com\/pl\/wp-json\/wp\/v2\/product\/370","targetHints":{"allow":["GET"]}}],"collection":[{"href":"https:\/\/toskanimed.com\/pl\/wp-json\/wp\/v2\/product"}],"about":[{"href":"https:\/\/toskanimed.com\/pl\/wp-json\/wp\/v2\/types\/product"}],"replies":[{"embeddable":true,"href":"https:\/\/toskanimed.com\/pl\/wp-json\/wp\/v2\/comments?post=370"}],"wp:featuredmedia":[{"embeddable":true,"href":"https:\/\/toskanimed.com\/pl\/wp-json\/wp\/v2\/media\/378"}],"wp:attachment":[{"href":"https:\/\/toskanimed.com\/pl\/wp-json\/wp\/v2\/media?parent=370"}],"wp:term":[{"taxonomy":"product_cat","embeddable":true,"href":"https:\/\/toskanimed.com\/pl\/wp-json\/wp\/v2\/product_cat?post=370"},{"taxonomy":"product_tag","embeddable":true,"href":"https:\/\/toskanimed.com\/pl\/wp-json\/wp\/v2\/product_tag?post=370"}],"curies":[{"name":"wp","href":"https:\/\/api.w.org\/{rel}","templated":true}]}}