{"id":287,"date":"2023-05-22T11:09:28","date_gmt":"2023-05-22T11:09:28","guid":{"rendered":"https:\/\/toskanimed.com\/product\/hcpr\/"},"modified":"2025-10-07T10:56:22","modified_gmt":"2025-10-07T10:56:22","slug":"hcpr","status":"publish","type":"product","link":"https:\/\/toskanimed.com\/pl\/product\/hcpr\/","title":{"rendered":"HCPR"},"content":{"rendered":"<p>Soluci\u00f3n a base de p\u00e9ptidos biomim\u00e9ticos innovadores que revitalizan el fol\u00edculo piloso y el cuero cabelludo.<\/p>\n","protected":false},"excerpt":{"rendered":"<p>Soluci\u00f3n a base de p\u00e9ptidos biomim\u00e9ticos innovadores que revitalizan el fol\u00edculo piloso y el cuero cabelludo.<\/p>\n","protected":false},"featured_media":291,"comment_status":"open","ping_status":"closed","template":"","meta":[],"product_cat":[16],"product_tag":[],"class_list":["post-287","product","type-product","status-publish","has-post-thumbnail","hentry","product_cat-uncategorized-pl"],"acf":[],"aioseo_notices":[],"_links":{"self":[{"href":"https:\/\/toskanimed.com\/pl\/wp-json\/wp\/v2\/product\/287","targetHints":{"allow":["GET"]}}],"collection":[{"href":"https:\/\/toskanimed.com\/pl\/wp-json\/wp\/v2\/product"}],"about":[{"href":"https:\/\/toskanimed.com\/pl\/wp-json\/wp\/v2\/types\/product"}],"replies":[{"embeddable":true,"href":"https:\/\/toskanimed.com\/pl\/wp-json\/wp\/v2\/comments?post=287"}],"wp:featuredmedia":[{"embeddable":true,"href":"https:\/\/toskanimed.com\/pl\/wp-json\/wp\/v2\/media\/291"}],"wp:attachment":[{"href":"https:\/\/toskanimed.com\/pl\/wp-json\/wp\/v2\/media?parent=287"}],"wp:term":[{"taxonomy":"product_cat","embeddable":true,"href":"https:\/\/toskanimed.com\/pl\/wp-json\/wp\/v2\/product_cat?post=287"},{"taxonomy":"product_tag","embeddable":true,"href":"https:\/\/toskanimed.com\/pl\/wp-json\/wp\/v2\/product_tag?post=287"}],"curies":[{"name":"wp","href":"https:\/\/api.w.org\/{rel}","templated":true}]}}