{"id":243,"date":"2023-05-22T11:12:46","date_gmt":"2023-05-22T11:12:46","guid":{"rendered":"https:\/\/toskanimed.com\/product\/ecpr\/"},"modified":"2025-10-07T10:56:40","modified_gmt":"2025-10-07T10:56:40","slug":"ecpr","status":"publish","type":"product","link":"https:\/\/toskanimed.com\/pl\/product\/ecpr\/","title":{"rendered":"ECPR"},"content":{"rendered":"<p>Soluci\u00f3n \u00fanica de contorno de ojos que mejora las bolsas y ojeras y combate las l\u00edneas finas, los cambios de pigmentaci\u00f3n<span class=\"Apple-converted-space\">\u00a0 <\/span>as\u00ed como la deshidrataci\u00f3n.<\/p>\n","protected":false},"excerpt":{"rendered":"<p>Soluci\u00f3n \u00fanica de contorno de ojos que mejora las bolsas y ojeras y combate las l\u00edneas finas, los cambios de pigmentaci\u00f3n\u00a0 as\u00ed como la deshidrataci\u00f3n.<\/p>\n","protected":false},"featured_media":245,"comment_status":"open","ping_status":"closed","template":"","meta":[],"product_cat":[16],"product_tag":[],"class_list":["post-243","product","type-product","status-publish","has-post-thumbnail","hentry","product_cat-uncategorized-pl"],"acf":[],"aioseo_notices":[],"_links":{"self":[{"href":"https:\/\/toskanimed.com\/pl\/wp-json\/wp\/v2\/product\/243","targetHints":{"allow":["GET"]}}],"collection":[{"href":"https:\/\/toskanimed.com\/pl\/wp-json\/wp\/v2\/product"}],"about":[{"href":"https:\/\/toskanimed.com\/pl\/wp-json\/wp\/v2\/types\/product"}],"replies":[{"embeddable":true,"href":"https:\/\/toskanimed.com\/pl\/wp-json\/wp\/v2\/comments?post=243"}],"wp:featuredmedia":[{"embeddable":true,"href":"https:\/\/toskanimed.com\/pl\/wp-json\/wp\/v2\/media\/245"}],"wp:attachment":[{"href":"https:\/\/toskanimed.com\/pl\/wp-json\/wp\/v2\/media?parent=243"}],"wp:term":[{"taxonomy":"product_cat","embeddable":true,"href":"https:\/\/toskanimed.com\/pl\/wp-json\/wp\/v2\/product_cat?post=243"},{"taxonomy":"product_tag","embeddable":true,"href":"https:\/\/toskanimed.com\/pl\/wp-json\/wp\/v2\/product_tag?post=243"}],"curies":[{"name":"wp","href":"https:\/\/api.w.org\/{rel}","templated":true}]}}