{"id":206,"date":"2023-05-22T11:16:33","date_gmt":"2023-05-22T11:16:33","guid":{"rendered":"https:\/\/toskanimed.com\/product\/skinbooster\/"},"modified":"2023-10-27T11:43:15","modified_gmt":"2023-10-27T11:43:15","slug":"skinbooster","status":"publish","type":"product","link":"https:\/\/toskanimed.com\/pl\/product\/skinbooster\/","title":{"rendered":"Skinbooster"},"content":{"rendered":"<p><span class=\"TextRun SCXW207569441 BCX0\" lang=\"ES-ES\" xml:lang=\"ES-ES\" data-contrast=\"auto\"><span class=\"NormalTextRun SCXW207569441 BCX0\">El <\/span><span class=\"NormalTextRun SpellingErrorV2Themed SCXW207569441 BCX0\">skinbooster<\/span><span class=\"NormalTextRun SCXW207569441 BCX0\"> HA 3 <\/span><span class=\"NormalTextRun SCXW207569441 BCX0\">previene<\/span><span class=\"NormalTextRun SCXW207569441 BCX0\"> y <\/span><span class=\"NormalTextRun SCXW207569441 BCX0\">mejora<\/span><span class=\"NormalTextRun SCXW207569441 BCX0\"> la <\/span><span class=\"NormalTextRun SCXW207569441 BCX0\">apariencia<\/span><span class=\"NormalTextRun SCXW207569441 BCX0\"> de la <\/span><span class=\"NormalTextRun SCXW207569441 BCX0\">piel<\/span><span class=\"NormalTextRun SCXW207569441 BCX0\"> y act\u00faa de forma <\/span><span class=\"NormalTextRun SCXW207569441 BCX0\">\u00f3ptima<\/span><span class=\"NormalTextRun SCXW207569441 BCX0\"> hidratando <\/span><span class=\"NormalTextRun SCXW207569441 BCX0\">y aportando<\/span> <span class=\"NormalTextRun SCXW207569441 BCX0\">elasticidad.<\/span><span class=\"NormalTextRun SCXW207569441 BCX0\"> Retiene el agua y <\/span><span class=\"NormalTextRun SCXW207569441 BCX0\">act\u00faa<\/span><span class=\"NormalTextRun SCXW207569441 BCX0\"> junto al col\u00e1geno y <\/span><span class=\"NormalTextRun SCXW207569441 BCX0\">elastina<\/span><span class=\"NormalTextRun SCXW207569441 BCX0\"> presente en la piel para proporcionar una acci\u00f3n global y de mayor durabilidad. Un piel m\u00e1s joven y luminosa.<\/span><\/span><\/p>\n","protected":false},"excerpt":{"rendered":"<p>El skinbooster HA 3 previene y mejora la apariencia de la piel y act\u00faa de forma \u00f3ptima hidratando y aportando elasticidad. Retiene el agua y act\u00faa junto al col\u00e1geno y [&hellip;]<\/p>\n","protected":false},"featured_media":210,"comment_status":"open","ping_status":"open","template":"","meta":[],"product_cat":[16],"product_tag":[],"class_list":["post-206","product","type-product","status-publish","has-post-thumbnail","hentry","product_cat-uncategorized-pl"],"acf":[],"aioseo_notices":[],"_links":{"self":[{"href":"https:\/\/toskanimed.com\/pl\/wp-json\/wp\/v2\/product\/206","targetHints":{"allow":["GET"]}}],"collection":[{"href":"https:\/\/toskanimed.com\/pl\/wp-json\/wp\/v2\/product"}],"about":[{"href":"https:\/\/toskanimed.com\/pl\/wp-json\/wp\/v2\/types\/product"}],"replies":[{"embeddable":true,"href":"https:\/\/toskanimed.com\/pl\/wp-json\/wp\/v2\/comments?post=206"}],"wp:featuredmedia":[{"embeddable":true,"href":"https:\/\/toskanimed.com\/pl\/wp-json\/wp\/v2\/media\/210"}],"wp:attachment":[{"href":"https:\/\/toskanimed.com\/pl\/wp-json\/wp\/v2\/media?parent=206"}],"wp:term":[{"taxonomy":"product_cat","embeddable":true,"href":"https:\/\/toskanimed.com\/pl\/wp-json\/wp\/v2\/product_cat?post=206"},{"taxonomy":"product_tag","embeddable":true,"href":"https:\/\/toskanimed.com\/pl\/wp-json\/wp\/v2\/product_tag?post=206"}],"curies":[{"name":"wp","href":"https:\/\/api.w.org\/{rel}","templated":true}]}}