{"id":184,"date":"2023-05-22T11:21:17","date_gmt":"2023-05-22T11:21:17","guid":{"rendered":"https:\/\/toskanimed.com\/product\/ncpr\/"},"modified":"2025-10-07T10:56:57","modified_gmt":"2025-10-07T10:56:57","slug":"ncpr","status":"publish","type":"product","link":"https:\/\/toskanimed.com\/pl\/product\/ncpr\/","title":{"rendered":"NCPR"},"content":{"rendered":"<p>EL NCPR act\u00faa sobre la superficie y tambi\u00e9n las capas m\u00e1s profundas de la epidermis extracelular gracias a su composici\u00f3n bioid\u00e9ntica para combatir los signos de envejecimiento, as\u00ed como atenuar las arrugas y aportar luminosidad en la piel.<\/p>\n","protected":false},"excerpt":{"rendered":"<p>EL NCPR act\u00faa sobre la superficie y tambi\u00e9n las capas m\u00e1s profundas de la epidermis extracelular gracias a su composici\u00f3n bioid\u00e9ntica para combatir los signos de envejecimiento, as\u00ed como atenuar [&hellip;]<\/p>\n","protected":false},"featured_media":185,"comment_status":"open","ping_status":"closed","template":"","meta":[],"product_cat":[16],"product_tag":[],"class_list":["post-184","product","type-product","status-publish","has-post-thumbnail","hentry","product_cat-uncategorized-pl"],"acf":[],"aioseo_notices":[],"_links":{"self":[{"href":"https:\/\/toskanimed.com\/pl\/wp-json\/wp\/v2\/product\/184","targetHints":{"allow":["GET"]}}],"collection":[{"href":"https:\/\/toskanimed.com\/pl\/wp-json\/wp\/v2\/product"}],"about":[{"href":"https:\/\/toskanimed.com\/pl\/wp-json\/wp\/v2\/types\/product"}],"replies":[{"embeddable":true,"href":"https:\/\/toskanimed.com\/pl\/wp-json\/wp\/v2\/comments?post=184"}],"wp:featuredmedia":[{"embeddable":true,"href":"https:\/\/toskanimed.com\/pl\/wp-json\/wp\/v2\/media\/185"}],"wp:attachment":[{"href":"https:\/\/toskanimed.com\/pl\/wp-json\/wp\/v2\/media?parent=184"}],"wp:term":[{"taxonomy":"product_cat","embeddable":true,"href":"https:\/\/toskanimed.com\/pl\/wp-json\/wp\/v2\/product_cat?post=184"},{"taxonomy":"product_tag","embeddable":true,"href":"https:\/\/toskanimed.com\/pl\/wp-json\/wp\/v2\/product_tag?post=184"}],"curies":[{"name":"wp","href":"https:\/\/api.w.org\/{rel}","templated":true}]}}