{"id":162,"date":"2023-05-23T12:09:51","date_gmt":"2023-05-23T12:09:51","guid":{"rendered":"https:\/\/toskanimed.com\/product\/wcpr\/"},"modified":"2025-10-07T10:58:14","modified_gmt":"2025-10-07T10:58:14","slug":"wcpr","status":"publish","type":"product","link":"https:\/\/toskanimed.com\/pl\/product\/wcpr\/","title":{"rendered":"WCPR"},"content":{"rendered":"<p class=\"p1\"><span class=\"s1\">Soluci\u00f3n innovadora a base de antioxidantes, vitaminas y p\u00e9ptidos de \u00faltima generaci\u00f3n para corregir y revertir el exceso de pigmentaci\u00f3n en la piel.<\/span><\/p>\n","protected":false},"excerpt":{"rendered":"<p>Soluci\u00f3n innovadora a base de antioxidantes, vitaminas y p\u00e9ptidos de \u00faltima generaci\u00f3n para corregir y revertir el exceso de pigmentaci\u00f3n en la piel.<\/p>\n","protected":false},"featured_media":163,"comment_status":"open","ping_status":"closed","template":"","meta":[],"product_cat":[16],"product_tag":[],"class_list":["post-162","product","type-product","status-publish","has-post-thumbnail","hentry","product_cat-uncategorized-pl"],"acf":[],"aioseo_notices":[],"_links":{"self":[{"href":"https:\/\/toskanimed.com\/pl\/wp-json\/wp\/v2\/product\/162","targetHints":{"allow":["GET"]}}],"collection":[{"href":"https:\/\/toskanimed.com\/pl\/wp-json\/wp\/v2\/product"}],"about":[{"href":"https:\/\/toskanimed.com\/pl\/wp-json\/wp\/v2\/types\/product"}],"replies":[{"embeddable":true,"href":"https:\/\/toskanimed.com\/pl\/wp-json\/wp\/v2\/comments?post=162"}],"wp:featuredmedia":[{"embeddable":true,"href":"https:\/\/toskanimed.com\/pl\/wp-json\/wp\/v2\/media\/163"}],"wp:attachment":[{"href":"https:\/\/toskanimed.com\/pl\/wp-json\/wp\/v2\/media?parent=162"}],"wp:term":[{"taxonomy":"product_cat","embeddable":true,"href":"https:\/\/toskanimed.com\/pl\/wp-json\/wp\/v2\/product_cat?post=162"},{"taxonomy":"product_tag","embeddable":true,"href":"https:\/\/toskanimed.com\/pl\/wp-json\/wp\/v2\/product_tag?post=162"}],"curies":[{"name":"wp","href":"https:\/\/api.w.org\/{rel}","templated":true}]}}