{"id":140,"date":"2023-06-21T07:38:44","date_gmt":"2023-06-21T07:38:44","guid":{"rendered":"https:\/\/toskanimed.com\/product\/after-cream-tubo\/"},"modified":"2023-10-27T11:43:00","modified_gmt":"2023-10-27T11:43:00","slug":"after-cream-tubo","status":"publish","type":"product","link":"https:\/\/toskanimed.com\/pl\/product\/after-cream-tubo\/","title":{"rendered":"After Cream"},"content":{"rendered":"<p class=\"p1\"><span class=\"s1\">Crema de acci\u00f3n localizada con cannabidiol (CBD), vitamina K, miel y Arnica montana que contribuye a la reducci\u00f3n de hematomas y eritrema post-intervenci\u00f3n est\u00e9tica.<\/span><\/p>\n","protected":false},"excerpt":{"rendered":"<p>Crema de acci\u00f3n localizada con cannabidiol (CBD), vitamina K, miel y Arnica montana que contribuye a la reducci\u00f3n de hematomas y eritrema post-intervenci\u00f3n est\u00e9tica.<\/p>\n","protected":false},"featured_media":141,"comment_status":"open","ping_status":"open","template":"","meta":[],"product_cat":[16],"product_tag":[],"class_list":["post-140","product","type-product","status-publish","has-post-thumbnail","hentry","product_cat-uncategorized-pl"],"acf":[],"aioseo_notices":[],"_links":{"self":[{"href":"https:\/\/toskanimed.com\/pl\/wp-json\/wp\/v2\/product\/140","targetHints":{"allow":["GET"]}}],"collection":[{"href":"https:\/\/toskanimed.com\/pl\/wp-json\/wp\/v2\/product"}],"about":[{"href":"https:\/\/toskanimed.com\/pl\/wp-json\/wp\/v2\/types\/product"}],"replies":[{"embeddable":true,"href":"https:\/\/toskanimed.com\/pl\/wp-json\/wp\/v2\/comments?post=140"}],"wp:featuredmedia":[{"embeddable":true,"href":"https:\/\/toskanimed.com\/pl\/wp-json\/wp\/v2\/media\/141"}],"wp:attachment":[{"href":"https:\/\/toskanimed.com\/pl\/wp-json\/wp\/v2\/media?parent=140"}],"wp:term":[{"taxonomy":"product_cat","embeddable":true,"href":"https:\/\/toskanimed.com\/pl\/wp-json\/wp\/v2\/product_cat?post=140"},{"taxonomy":"product_tag","embeddable":true,"href":"https:\/\/toskanimed.com\/pl\/wp-json\/wp\/v2\/product_tag?post=140"}],"curies":[{"name":"wp","href":"https:\/\/api.w.org\/{rel}","templated":true}]}}