{"id":132,"date":"2023-06-21T08:32:44","date_gmt":"2023-06-21T08:32:44","guid":{"rendered":"https:\/\/toskanimed.com\/product\/glycolic-peel\/"},"modified":"2023-10-27T11:42:56","modified_gmt":"2023-10-27T11:42:56","slug":"glycolic-peel","status":"publish","type":"product","link":"https:\/\/toskanimed.com\/pl\/product\/glycolic-peel\/","title":{"rendered":"Glycolic peel"},"content":{"rendered":"<p class=\"p1\"><span class=\"s1\">El \u00e1cido glic\u00f3lico es un ingrediente popular para combatir las arrugas y el acn\u00e9. Se trata de un alfa-hidroxi\u00e1cido y aplicado sobre la piel, ayuda a exfoliar la piel m\u00e1s envejecida, rugosa y seca de la superficie. <\/span><\/p>\n","protected":false},"excerpt":{"rendered":"<p>El \u00e1cido glic\u00f3lico es un ingrediente popular para combatir las arrugas y el acn\u00e9. Se trata de un alfa-hidroxi\u00e1cido y aplicado sobre la piel, ayuda a exfoliar la piel m\u00e1s [&hellip;]<\/p>\n","protected":false},"featured_media":133,"comment_status":"open","ping_status":"open","template":"","meta":[],"product_cat":[16],"product_tag":[],"class_list":["post-132","product","type-product","status-publish","has-post-thumbnail","hentry","product_cat-uncategorized-pl"],"acf":[],"aioseo_notices":[],"_links":{"self":[{"href":"https:\/\/toskanimed.com\/pl\/wp-json\/wp\/v2\/product\/132","targetHints":{"allow":["GET"]}}],"collection":[{"href":"https:\/\/toskanimed.com\/pl\/wp-json\/wp\/v2\/product"}],"about":[{"href":"https:\/\/toskanimed.com\/pl\/wp-json\/wp\/v2\/types\/product"}],"replies":[{"embeddable":true,"href":"https:\/\/toskanimed.com\/pl\/wp-json\/wp\/v2\/comments?post=132"}],"wp:featuredmedia":[{"embeddable":true,"href":"https:\/\/toskanimed.com\/pl\/wp-json\/wp\/v2\/media\/133"}],"wp:attachment":[{"href":"https:\/\/toskanimed.com\/pl\/wp-json\/wp\/v2\/media?parent=132"}],"wp:term":[{"taxonomy":"product_cat","embeddable":true,"href":"https:\/\/toskanimed.com\/pl\/wp-json\/wp\/v2\/product_cat?post=132"},{"taxonomy":"product_tag","embeddable":true,"href":"https:\/\/toskanimed.com\/pl\/wp-json\/wp\/v2\/product_tag?post=132"}],"curies":[{"name":"wp","href":"https:\/\/api.w.org\/{rel}","templated":true}]}}