{"id":124,"date":"2023-06-21T08:35:55","date_gmt":"2023-06-21T08:35:55","guid":{"rendered":"https:\/\/toskanimed.com\/product\/lactic-peel\/"},"modified":"2023-10-27T11:42:53","modified_gmt":"2023-10-27T11:42:53","slug":"lactic-peel","status":"publish","type":"product","link":"https:\/\/toskanimed.com\/pl\/product\/lactic-peel\/","title":{"rendered":"Lactic peel"},"content":{"rendered":"<p class=\"p1\"><span class=\"s1\">Los peelings de <\/span><span class=\"s1\">\u00e1cido l\u00e1ctico son apropiados para las personas que tienen una piel muy <\/span><span class=\"s1\">sensible que podr\u00eda no ser capaz de tolerar los peelings ligeramente m\u00e1s intensos.<\/span><\/p>\n","protected":false},"excerpt":{"rendered":"<p>Los peelings de \u00e1cido l\u00e1ctico son apropiados para las personas que tienen una piel muy sensible que podr\u00eda no ser capaz de tolerar los peelings ligeramente m\u00e1s intensos.<\/p>\n","protected":false},"featured_media":125,"comment_status":"open","ping_status":"open","template":"","meta":[],"product_cat":[16],"product_tag":[],"class_list":["post-124","product","type-product","status-publish","has-post-thumbnail","hentry","product_cat-uncategorized-pl"],"acf":[],"aioseo_notices":[],"_links":{"self":[{"href":"https:\/\/toskanimed.com\/pl\/wp-json\/wp\/v2\/product\/124","targetHints":{"allow":["GET"]}}],"collection":[{"href":"https:\/\/toskanimed.com\/pl\/wp-json\/wp\/v2\/product"}],"about":[{"href":"https:\/\/toskanimed.com\/pl\/wp-json\/wp\/v2\/types\/product"}],"replies":[{"embeddable":true,"href":"https:\/\/toskanimed.com\/pl\/wp-json\/wp\/v2\/comments?post=124"}],"wp:featuredmedia":[{"embeddable":true,"href":"https:\/\/toskanimed.com\/pl\/wp-json\/wp\/v2\/media\/125"}],"wp:attachment":[{"href":"https:\/\/toskanimed.com\/pl\/wp-json\/wp\/v2\/media?parent=124"}],"wp:term":[{"taxonomy":"product_cat","embeddable":true,"href":"https:\/\/toskanimed.com\/pl\/wp-json\/wp\/v2\/product_cat?post=124"},{"taxonomy":"product_tag","embeddable":true,"href":"https:\/\/toskanimed.com\/pl\/wp-json\/wp\/v2\/product_tag?post=124"}],"curies":[{"name":"wp","href":"https:\/\/api.w.org\/{rel}","templated":true}]}}