{"id":100,"date":"2023-06-21T09:06:40","date_gmt":"2023-06-21T09:06:40","guid":{"rendered":"https:\/\/toskanimed.com\/product\/rejuvenating-peel\/"},"modified":"2023-10-27T11:42:45","modified_gmt":"2023-10-27T11:42:45","slug":"rejuvenating-peel","status":"publish","type":"product","link":"https:\/\/toskanimed.com\/pl\/product\/rejuvenating-peel\/","title":{"rendered":"Rejuvenating  peel"},"content":{"rendered":"<p class=\"p1\"><span class=\"s1\">Est\u00e1 dise\u00f1ado para conseguir un efecto tendor del estrato c\u00f3rneo sin provocar un da\u00f1o invasivo a la epidermis. <\/span><\/p>\n","protected":false},"excerpt":{"rendered":"<p>Est\u00e1 dise\u00f1ado para conseguir un efecto tendor del estrato c\u00f3rneo sin provocar un da\u00f1o invasivo a la epidermis.<\/p>\n","protected":false},"featured_media":101,"comment_status":"open","ping_status":"open","template":"","meta":[],"product_cat":[16],"product_tag":[],"class_list":["post-100","product","type-product","status-publish","has-post-thumbnail","hentry","product_cat-uncategorized-pl"],"acf":[],"aioseo_notices":[],"_links":{"self":[{"href":"https:\/\/toskanimed.com\/pl\/wp-json\/wp\/v2\/product\/100","targetHints":{"allow":["GET"]}}],"collection":[{"href":"https:\/\/toskanimed.com\/pl\/wp-json\/wp\/v2\/product"}],"about":[{"href":"https:\/\/toskanimed.com\/pl\/wp-json\/wp\/v2\/types\/product"}],"replies":[{"embeddable":true,"href":"https:\/\/toskanimed.com\/pl\/wp-json\/wp\/v2\/comments?post=100"}],"wp:featuredmedia":[{"embeddable":true,"href":"https:\/\/toskanimed.com\/pl\/wp-json\/wp\/v2\/media\/101"}],"wp:attachment":[{"href":"https:\/\/toskanimed.com\/pl\/wp-json\/wp\/v2\/media?parent=100"}],"wp:term":[{"taxonomy":"product_cat","embeddable":true,"href":"https:\/\/toskanimed.com\/pl\/wp-json\/wp\/v2\/product_cat?post=100"},{"taxonomy":"product_tag","embeddable":true,"href":"https:\/\/toskanimed.com\/pl\/wp-json\/wp\/v2\/product_tag?post=100"}],"curies":[{"name":"wp","href":"https:\/\/api.w.org\/{rel}","templated":true}]}}