{"id":83,"date":"2023-06-21T09:18:20","date_gmt":"2023-06-21T09:18:20","guid":{"rendered":"https:\/\/toskanimed.com\/product\/tca-35-peel\/"},"modified":"2023-10-27T11:01:33","modified_gmt":"2023-10-27T11:01:33","slug":"tca-35-peel","status":"publish","type":"product","link":"https:\/\/toskanimed.com\/it\/product\/tca-35-peel\/","title":{"rendered":"TCA 35 peel"},"content":{"rendered":"<p class=\"p1\"><span class=\"s1\">Act\u00faa renovando en profundidad las capas intermedias y profundas de la piel. Aten\u00faa los signos marcados del fotoenvejecimiento como manchas cut\u00e1neas, arrugas moderadasprofundas o marcas post-acn\u00e9 severas.<\/span><\/p>\n","protected":false},"excerpt":{"rendered":"<p>Act\u00faa renovando en profundidad las capas intermedias y profundas de la piel. Aten\u00faa los signos marcados del fotoenvejecimiento como manchas cut\u00e1neas, arrugas moderadasprofundas o marcas post-acn\u00e9 severas.<\/p>\n","protected":false},"featured_media":84,"template":"","meta":[],"product_cat":[16],"product_tag":[],"class_list":["post-83","product","type-product","status-publish","has-post-thumbnail","hentry","product_cat-uncategorized-it"],"acf":[],"aioseo_notices":[],"_links":{"self":[{"href":"https:\/\/toskanimed.com\/it\/wp-json\/wp\/v2\/product\/83","targetHints":{"allow":["GET"]}}],"collection":[{"href":"https:\/\/toskanimed.com\/it\/wp-json\/wp\/v2\/product"}],"about":[{"href":"https:\/\/toskanimed.com\/it\/wp-json\/wp\/v2\/types\/product"}],"wp:featuredmedia":[{"embeddable":true,"href":"https:\/\/toskanimed.com\/it\/wp-json\/wp\/v2\/media\/84"}],"wp:attachment":[{"href":"https:\/\/toskanimed.com\/it\/wp-json\/wp\/v2\/media?parent=83"}],"wp:term":[{"taxonomy":"product_cat","embeddable":true,"href":"https:\/\/toskanimed.com\/it\/wp-json\/wp\/v2\/product_cat?post=83"},{"taxonomy":"product_tag","embeddable":true,"href":"https:\/\/toskanimed.com\/it\/wp-json\/wp\/v2\/product_tag?post=83"}],"curies":[{"name":"wp","href":"https:\/\/api.w.org\/{rel}","templated":true}]}}