{"id":169,"date":"2023-05-23T12:09:51","date_gmt":"2023-05-23T12:09:51","guid":{"rendered":"https:\/\/toskanimed.com\/product\/wcpr\/"},"modified":"2025-10-07T10:45:04","modified_gmt":"2025-10-07T10:45:04","slug":"wcpr","status":"publish","type":"product","link":"https:\/\/toskanimed.com\/it\/product\/wcpr\/","title":{"rendered":"WCPR"},"content":{"rendered":"<p class=\"p1\"><span class=\"s1\">Soluci\u00f3n innovadora a base de antioxidantes, vitaminas y p\u00e9ptidos de \u00faltima generaci\u00f3n para corregir y revertir el exceso de pigmentaci\u00f3n en la piel.<\/span><\/p>\n","protected":false},"excerpt":{"rendered":"<p>Soluci\u00f3n innovadora a base de antioxidantes, vitaminas y p\u00e9ptidos de \u00faltima generaci\u00f3n para corregir y revertir el exceso de pigmentaci\u00f3n en la piel.<\/p>\n","protected":false},"featured_media":170,"template":"","meta":[],"product_cat":[16],"product_tag":[],"class_list":["post-169","product","type-product","status-publish","has-post-thumbnail","hentry","product_cat-uncategorized-it"],"acf":[],"aioseo_notices":[],"_links":{"self":[{"href":"https:\/\/toskanimed.com\/it\/wp-json\/wp\/v2\/product\/169","targetHints":{"allow":["GET"]}}],"collection":[{"href":"https:\/\/toskanimed.com\/it\/wp-json\/wp\/v2\/product"}],"about":[{"href":"https:\/\/toskanimed.com\/it\/wp-json\/wp\/v2\/types\/product"}],"wp:featuredmedia":[{"embeddable":true,"href":"https:\/\/toskanimed.com\/it\/wp-json\/wp\/v2\/media\/170"}],"wp:attachment":[{"href":"https:\/\/toskanimed.com\/it\/wp-json\/wp\/v2\/media?parent=169"}],"wp:term":[{"taxonomy":"product_cat","embeddable":true,"href":"https:\/\/toskanimed.com\/it\/wp-json\/wp\/v2\/product_cat?post=169"},{"taxonomy":"product_tag","embeddable":true,"href":"https:\/\/toskanimed.com\/it\/wp-json\/wp\/v2\/product_tag?post=169"}],"curies":[{"name":"wp","href":"https:\/\/api.w.org\/{rel}","templated":true}]}}