{"id":131,"date":"2023-06-21T08:35:55","date_gmt":"2023-06-21T08:35:55","guid":{"rendered":"https:\/\/toskanimed.com\/product\/lactic-peel\/"},"modified":"2023-10-27T11:01:45","modified_gmt":"2023-10-27T11:01:45","slug":"lactic-peel","status":"publish","type":"product","link":"https:\/\/toskanimed.com\/it\/product\/lactic-peel\/","title":{"rendered":"Lactic peel"},"content":{"rendered":"<p class=\"p1\"><span class=\"s1\">Los peelings de <\/span><span class=\"s1\">\u00e1cido l\u00e1ctico son apropiados para las personas que tienen una piel muy <\/span><span class=\"s1\">sensible que podr\u00eda no ser capaz de tolerar los peelings ligeramente m\u00e1s intensos.<\/span><\/p>\n","protected":false},"excerpt":{"rendered":"<p>Los peelings de \u00e1cido l\u00e1ctico son apropiados para las personas que tienen una piel muy sensible que podr\u00eda no ser capaz de tolerar los peelings ligeramente m\u00e1s intensos.<\/p>\n","protected":false},"featured_media":132,"template":"","meta":[],"product_cat":[16],"product_tag":[],"class_list":["post-131","product","type-product","status-publish","has-post-thumbnail","hentry","product_cat-uncategorized-it"],"acf":[],"aioseo_notices":[],"_links":{"self":[{"href":"https:\/\/toskanimed.com\/it\/wp-json\/wp\/v2\/product\/131","targetHints":{"allow":["GET"]}}],"collection":[{"href":"https:\/\/toskanimed.com\/it\/wp-json\/wp\/v2\/product"}],"about":[{"href":"https:\/\/toskanimed.com\/it\/wp-json\/wp\/v2\/types\/product"}],"wp:featuredmedia":[{"embeddable":true,"href":"https:\/\/toskanimed.com\/it\/wp-json\/wp\/v2\/media\/132"}],"wp:attachment":[{"href":"https:\/\/toskanimed.com\/it\/wp-json\/wp\/v2\/media?parent=131"}],"wp:term":[{"taxonomy":"product_cat","embeddable":true,"href":"https:\/\/toskanimed.com\/it\/wp-json\/wp\/v2\/product_cat?post=131"},{"taxonomy":"product_tag","embeddable":true,"href":"https:\/\/toskanimed.com\/it\/wp-json\/wp\/v2\/product_tag?post=131"}],"curies":[{"name":"wp","href":"https:\/\/api.w.org\/{rel}","templated":true}]}}