{"id":123,"date":"2023-06-21T08:43:54","date_gmt":"2023-06-21T08:43:54","guid":{"rendered":"https:\/\/toskanimed.com\/product\/mandelic-peel\/"},"modified":"2023-10-27T11:01:43","modified_gmt":"2023-10-27T11:01:43","slug":"mandelic-peel","status":"publish","type":"product","link":"https:\/\/toskanimed.com\/it\/product\/mandelic-peel\/","title":{"rendered":"Mandelic peel"},"content":{"rendered":"<p class=\"p1\"><span class=\"s1\">Debido a que las mol\u00e9culas de \u00e1cido mand\u00e9lico son m\u00e1s grandes que las de otros alfa hidroxi\u00e1cidos utilizados como peelings qu\u00edmicos, \u00e9ste es menos agresivo y mejor tolerado, ya que penetra en la piel m\u00e1s lentamente y a menor profundidad<\/span><span class=\"s2\">. <\/span><\/p>\n","protected":false},"excerpt":{"rendered":"<p>Debido a que las mol\u00e9culas de \u00e1cido mand\u00e9lico son m\u00e1s grandes que las de otros alfa hidroxi\u00e1cidos utilizados como peelings qu\u00edmicos, \u00e9ste es menos agresivo y mejor tolerado, ya que [&hellip;]<\/p>\n","protected":false},"featured_media":124,"template":"","meta":[],"product_cat":[16],"product_tag":[],"class_list":["post-123","product","type-product","status-publish","has-post-thumbnail","hentry","product_cat-uncategorized-it"],"acf":[],"aioseo_notices":[],"_links":{"self":[{"href":"https:\/\/toskanimed.com\/it\/wp-json\/wp\/v2\/product\/123","targetHints":{"allow":["GET"]}}],"collection":[{"href":"https:\/\/toskanimed.com\/it\/wp-json\/wp\/v2\/product"}],"about":[{"href":"https:\/\/toskanimed.com\/it\/wp-json\/wp\/v2\/types\/product"}],"wp:featuredmedia":[{"embeddable":true,"href":"https:\/\/toskanimed.com\/it\/wp-json\/wp\/v2\/media\/124"}],"wp:attachment":[{"href":"https:\/\/toskanimed.com\/it\/wp-json\/wp\/v2\/media?parent=123"}],"wp:term":[{"taxonomy":"product_cat","embeddable":true,"href":"https:\/\/toskanimed.com\/it\/wp-json\/wp\/v2\/product_cat?post=123"},{"taxonomy":"product_tag","embeddable":true,"href":"https:\/\/toskanimed.com\/it\/wp-json\/wp\/v2\/product_tag?post=123"}],"curies":[{"name":"wp","href":"https:\/\/api.w.org\/{rel}","templated":true}]}}